{"id":32,"date":"2026-04-10T16:10:20","date_gmt":"2026-04-10T14:10:20","guid":{"rendered":"https:\/\/yuro.urodzenizdrowi.pl\/?page_id=32"},"modified":"2026-04-10T16:46:17","modified_gmt":"2026-04-10T14:46:17","slug":"program","status":"publish","type":"page","link":"https:\/\/yuro.urodzenizdrowi.pl\/index.php\/program\/","title":{"rendered":"Program"},"content":{"rendered":"\n<h3 class=\"wp-block-heading alignwide\"><strong>PROGRAM Y@ungURO 2026<\/strong><\/h3>\n\n\n\n<h4 class=\"wp-block-heading alignwide has-ti-bg-color has-text-color has-background has-link-color wp-elements-b535f42ab80ce00b87963917e45d6257\" style=\"background:linear-gradient(135deg,rgb(31,101,174) 0%,rgb(13,168,225) 100%)\"><strong>Tuesday, 5 may 2026<\/strong><\/h4>\n\n\n\n<p>09:00\u201309:05 | <strong>WELCOME AND OPENING REMARKS<\/strong><br>Piotr Ch\u0142osta (Krak\u00f3w)<\/p>\n\n\n\n<p>09:05\u201309:30 | <strong>PROSTATE CANCER: FROM MHSPC TO MCRPC<\/strong><br>Harun Fajkovic&nbsp; (St. Polten\/Vienna)<\/p>\n\n\n\n<p>09:30\u201310:00 | <strong>CASE DISCUSSION: NON-METASTATIC PROSTATE CANCER<\/strong><br>Harun Fajkovic&nbsp; (St. Polten\/Vienna), Katarzyna Gronostaj,<br>Anna K. Czech (Krak\u00f3w)<\/p>\n\n\n\n<p>10:00\u201310:15&nbsp; <strong>Coffee Break<\/strong><\/p>\n\n\n\n<p>10:15\u201310.35 | <strong>METASTATIC HORMONE-SENSITIVE PROSTATE CANCER (MHSPC)<\/strong><br>Anna K. Czech (Krak\u00f3w)<\/p>\n\n\n\n<p>10:35\u201310:55 | <strong>CASE DISCUSSION: MHSPC<\/strong><br>Anna K. Czech (Krak\u00f3w)<\/p>\n\n\n\n<p>10:55\u201311:15 | <strong>NON-METASTATIC CASTRATION-RESISTANT PROSTATE CANCER (NMCRPC)<\/strong><br>Katarzyna Gronostaj (Krak\u00f3w)<\/p>\n\n\n\n<p>11:15\u201311:40 | <strong>STATE-OF-THE-ART IMAGING IN PROSTATE CANCER: FROM MRI TO CLINICAL DECISION-MAKING;<\/strong><br>Emina Talaki\u0107 (Vienna)<\/p>\n\n\n\n<p>11:40\u201312.00 | <strong>IS THE STANDARD OF CARE IN MHSPC CLEARLY DEFINED? WHAT LIES AHEAD?<\/strong><br>Harun Fajkovic&nbsp; (St. Polten\/Vienna)<\/p>\n\n\n\n<p>12:00\u201312:45 | <strong>CASE DISCUSSION: NMCRPC<\/strong><br>Harun Fajkovic (St. Polten\/Vienna)&nbsp; Emina Talaki\u0107 (Vienna),<br>Anna K. Czech (Krakow), Katarzyna Gronostaj (Krak\u00f3w)<\/p>\n\n\n\n<p>12:45\u201314:00 | <strong>Lunch Break<\/strong><\/p>\n\n\n\n<p>14:00\u201314:30&nbsp; | <strong>METASTATIC CASTRATION-RESISTANT PROSTATE CANCER (MCRPC): THE CLINICAL RELEVANCE OF BRCA1 AND BRCA2 MUTATIONS IN UROLOGICAL PRACTICE<\/strong><br>Katarzyna Gronostaj, Anna K. Czech (Krak\u00f3w)<\/p>\n\n\n\n<p>14:30\u201315:00 | <strong>CASE DISCUSSION: MCRPC \/ ADVANCED AND METASTATIC TRANSITIONAL CELL CARCINOMA (TCC)<\/strong><br>Katarzyna Gronostaj, Anna K. Czech (Krak\u00f3w)<\/p>\n\n\n\n<p>15:00\u201316:00 | <strong>GENERAL DISCUSSION, SUMMARY AND CLOSE OF DAY 1<\/strong><\/p>\n\n\n\n<h4 class=\"wp-block-heading alignwide has-ti-bg-color has-text-color has-background has-link-color wp-elements-38356c818863bc5fba01716dc75794f1\" style=\"background:linear-gradient(135deg,rgb(31,101,174) 0%,rgb(13,168,225) 100%)\"><strong>Wednesday, 6 may 2026<\/strong><\/h4>\n\n\n\n<p>09:00\u201311:30 | <strong>LIVE SURGERY \u2013 TRANSMISSION FROM THE OPERATING THEATRE TO THE SEMINAR ROOMS \u2013 RARP vs RARC vs RANx vs LRP vs LCR vs LNx<br><\/strong>Piotr Ch\u0142osta (Krak\u00f3w)<\/p>\n\n\n\n<p>(Laparoscopic or robot-assisted laparoscopic radical prostatectomy, radical cystectomy, nephrectomy, partial nephrectomy or lymph node dissection; final procedure depending on the availability of clinical cases. Active participant involvement in the operating theatre is planned.)<\/p>\n\n\n\n<p>11:30\u201312:00 | <strong>ADVANCED AND METASTATIC BLADDER TCC: NEW MANAGEMENT GUIDELINES FOR UROLOGISTS<\/strong><br>Katarzyna Gronostaj (Krak\u00f3w)<\/p>\n\n\n\n<p>12:00\u201312:30 | <strong>PERIOPERATIVE SYSTEMIC THERAPY IN BLADDER CANCER: A NEW FRONTIER IN MULTIMODAL CARE<\/strong><br>Piotr Wysocki (Krak\u00f3w)<\/p>\n\n\n\n<p>12:30\u201313:00 | <strong>RADIOTHERAPY IN PROSTATE CANCER 2026: SMARTER, SAFER, MORE EFFECTIVE<\/strong><br>Krzysztof Ma\u0142ecki (Krak\u00f3w)<\/p>\n\n\n\n<p>13:00\u201314:00 | <strong>Lunch Break<\/strong><\/p>\n\n\n\n<p>14:00\u201314:30 | <strong>MAJOR SURGICAL PROCEDURES IN ELDERLY PATIENTS: ARE THERE SEPARATE QUALIFICATION CRITERIA?<\/strong><br>Jerzy G\u0105sowski (Krak\u00f3w)<\/p>\n\n\n\n<p>14:30\u201315:00 | <strong>SELECTED ELEMENTS OF MEDICAL STATISTICS BASED ON THE SPARTAN AND TITAN TRIALS<\/strong><br>Jerzy G\u0105sowski (Krak\u00f3w)<\/p>\n\n\n\n<p>15:00\u201318:00 | <strong>WORKSHOPS<\/strong><\/p>\n\n\n\n<p class=\"has-text-color has-link-color wp-elements-0374931b6cee73ac796695ef8fd4a36a\" style=\"color:#1f65ae\"><strong>GROUP A<\/strong><\/p>\n\n\n\n<p>15:00\u201316:30 | <strong>ROUND TABLE CASE DISCUSSIONS<br>(Early PCa, mHSPC, nmCRPC, mCRPC, advanced TCC [M+])<\/strong><br>Anna K. Czech, Katarzyna Gronostaj (Krak\u00f3w)<\/p>\n\n\n\n<p>16:30\u201318:00 | <strong>ASSESSMENT AND INTERPRETATION OF CLINICAL TRIALS<\/strong><br>Jerzy G\u0105sowski (Krak\u00f3w)<\/p>\n\n\n\n<p class=\"has-text-color has-link-color wp-elements-fbadf85654461320bc5bd843a5049a1e\" style=\"color:#0da8e1\"><strong>GROUP B<\/strong><\/p>\n\n\n\n<p>15:00\u201316:30 | <strong>ASSESSMENT AND INTERPRETATION OF CLINICAL TRIALS<\/strong><br>Jerzy G\u0105sowski (Krak\u00f3w)<\/p>\n\n\n\n<p>16:30\u201318:00 | <strong>ROUND TABLE CASE DISCUSSIONS<br>(Early PCa, mHSPC, nmCRPC, mCRPC, advanced TCC [M+])<\/strong><br>Anna K. Czech, Katarzyna Gronostaj (Krak\u00f3w)<\/p>\n\n\n\n<p>13:00\u201314:00 | <strong>SUMMARY AND CLOSE OF DAY 2<\/strong><\/p>\n\n\n\n<h4 class=\"wp-block-heading alignwide has-ti-bg-color has-text-color has-background has-link-color wp-elements-c1da0630e431ee180e0f299df7e82e17\" style=\"background:linear-gradient(135deg,rgb(31,101,174) 0%,rgb(13,168,225) 100%)\"><strong>Thursday 7 may 2026<\/strong><\/h4>\n\n\n\n<p>10:00\u201314:00 | <strong>WORKSHOPS<\/strong><\/p>\n\n\n\n<p class=\"has-text-color has-link-color wp-elements-0374931b6cee73ac796695ef8fd4a36a\" style=\"color:#1f65ae\"><strong>GROUP A<\/strong><\/p>\n\n\n\n<p>10:00\u201312:00 | <strong>HOW TO PREPARE AN EFFECTIVE PRESENTATION AND DELIVER AN ENGAGING LECTURE? THE ART OF WORDS<\/strong><br>TBD<\/p>\n\n\n\n<p>12:00\u201314:00 | <strong>HANDS-ON TRAINING ON LAPAROSCOPIC AND ENDOSCOPIC SIMULATORS<\/strong><br>Piotr Ch\u0142osta, Przemys\u0142aw Dudek, Tomasz Wiatr, Mateusz Ostachowski,<br>Micha\u0142 Zembrzuski (Krak\u00f3w)<\/p>\n\n\n\n<p class=\"has-text-color has-link-color wp-elements-fbadf85654461320bc5bd843a5049a1e\" style=\"color:#0da8e1\"><strong>GROUP B<\/strong><\/p>\n\n\n\n<p>10:00\u201312:00 | <strong>HANDS-ON TRAINING ON LAPAROSCOPIC AND ENDOSCOPIC SIMULATORS<\/strong><br>Piotr Ch\u0142osta, Przemys\u0142aw Dudek, Tomasz Wiatr, Mateusz Ostachowski,<br>Micha\u0142 Zembrzuski (Krak\u00f3w)<\/p>\n\n\n\n<p>12:00\u201314:00 | <strong>HOW TO PREPARE AN EFFECTIVE PRESENTATION AND DELIVER AN ENGAGING LECTURE? THE ART OF WORDS<\/strong><br>TBD<\/p>\n\n\n\n<p>14:00\u201314:30 | <strong>CERTIFICATE CEREMONY, FINAL SUMMARY AND CLOSING OF THE Y@UNG URO 2025 EDUCATIONAL PROGRAMME<\/strong><\/p>\n\n\n\n<p>14:30-15.30 | <strong>Lunch<\/strong><\/p>\n\n\n\n<p><\/p>\n","protected":false},"excerpt":{"rendered":"<p>PROGRAM Y@ungURO 2026 Tuesday, 5 may 2026 09:00\u201309:05 | WELCOME AND OPENING REMARKSPiotr Ch\u0142osta (Krak\u00f3w) 09:05\u201309:30 | PROSTATE CANCER: FROM MHSPC TO MCRPCHarun Fajkovic&nbsp; (St. Polten\/Vienna) 09:30\u201310:00 | CASE DISCUSSION: NON-METASTATIC PROSTATE CANCERHarun Fajkovic&nbsp; (St. Polten\/Vienna), Katarzyna Gronostaj,Anna K. Czech (Krak\u00f3w) 10:00\u201310:15&nbsp; Coffee Break 10:15\u201310.35 | METASTATIC HORMONE-SENSITIVE PROSTATE CANCER (MHSPC)Anna K. Czech (Krak\u00f3w) 10:35\u201310:55 [&hellip;]<\/p>\n","protected":false},"author":1,"featured_media":0,"parent":0,"menu_order":0,"comment_status":"closed","ping_status":"closed","template":"","meta":{"footnotes":""},"class_list":["post-32","page","type-page","status-publish","hentry"],"_links":{"self":[{"href":"https:\/\/yuro.urodzenizdrowi.pl\/index.php\/wp-json\/wp\/v2\/pages\/32","targetHints":{"allow":["GET"]}}],"collection":[{"href":"https:\/\/yuro.urodzenizdrowi.pl\/index.php\/wp-json\/wp\/v2\/pages"}],"about":[{"href":"https:\/\/yuro.urodzenizdrowi.pl\/index.php\/wp-json\/wp\/v2\/types\/page"}],"author":[{"embeddable":true,"href":"https:\/\/yuro.urodzenizdrowi.pl\/index.php\/wp-json\/wp\/v2\/users\/1"}],"replies":[{"embeddable":true,"href":"https:\/\/yuro.urodzenizdrowi.pl\/index.php\/wp-json\/wp\/v2\/comments?post=32"}],"version-history":[{"count":8,"href":"https:\/\/yuro.urodzenizdrowi.pl\/index.php\/wp-json\/wp\/v2\/pages\/32\/revisions"}],"predecessor-version":[{"id":60,"href":"https:\/\/yuro.urodzenizdrowi.pl\/index.php\/wp-json\/wp\/v2\/pages\/32\/revisions\/60"}],"wp:attachment":[{"href":"https:\/\/yuro.urodzenizdrowi.pl\/index.php\/wp-json\/wp\/v2\/media?parent=32"}],"curies":[{"name":"wp","href":"https:\/\/api.w.org\/{rel}","templated":true}]}}